{"id":571,"date":"2024-02-02T09:36:14","date_gmt":"2024-02-02T09:36:14","guid":{"rendered":"http:\/\/www.jomiko.fi\/?page_id=571"},"modified":"2024-02-16T11:49:58","modified_gmt":"2024-02-16T11:49:58","slug":"avoimet-tyopaikat","status":"publish","type":"page","link":"https:\/\/jomiko.fi\/?page_id=571","title":{"rendered":"Avoimet ty\u00f6paikat"},"content":{"rendered":"\t\t<div data-elementor-type=\"wp-page\" data-elementor-id=\"571\" class=\"elementor elementor-571\">\n\t\t\t\t<div class=\"elementor-element elementor-element-63a0b7a e-flex e-con-boxed e-con e-parent\" data-id=\"63a0b7a\" data-element_type=\"container\" data-settings=\"{&quot;content_width&quot;:&quot;boxed&quot;}\" data-core-v316-plus=\"true\">\n\t\t\t\t\t<div class=\"e-con-inner\">\n\t\t<div class=\"elementor-element elementor-element-6d5a698 e-con-full e-flex elementor-invisible e-con e-child\" data-id=\"6d5a698\" data-element_type=\"container\" data-settings=\"{&quot;content_width&quot;:&quot;full&quot;,&quot;background_background&quot;:&quot;classic&quot;,&quot;animation&quot;:&quot;slideInDown&quot;}\">\n\t\t\t\t<div class=\"elementor-element elementor-element-40297e9 elementor-widget elementor-widget-heading\" data-id=\"40297e9\" data-element_type=\"widget\" data-widget_type=\"heading.default\">\n\t\t\t\t<div class=\"elementor-widget-container\">\n\t\t\t<style>\/*! elementor - v3.19.0 - 07-02-2024 *\/\n.elementor-heading-title{padding:0;margin:0;line-height:1}.elementor-widget-heading .elementor-heading-title[class*=elementor-size-]>a{color:inherit;font-size:inherit;line-height:inherit}.elementor-widget-heading .elementor-heading-title.elementor-size-small{font-size:15px}.elementor-widget-heading .elementor-heading-title.elementor-size-medium{font-size:19px}.elementor-widget-heading .elementor-heading-title.elementor-size-large{font-size:29px}.elementor-widget-heading .elementor-heading-title.elementor-size-xl{font-size:39px}.elementor-widget-heading .elementor-heading-title.elementor-size-xxl{font-size:59px}<\/style><h2 class=\"elementor-heading-title elementor-size-default\">Avoimet ty\u00f6paikat<\/h2>\t\t<\/div>\n\t\t\t\t<\/div>\n\t\t\t\t<\/div>\n\t\t\t\t\t<\/div>\n\t\t\t\t<\/div>\n\t\t<div class=\"elementor-element elementor-element-2fa0b04 e-flex e-con-boxed e-con e-parent\" data-id=\"2fa0b04\" data-element_type=\"container\" data-settings=\"{&quot;content_width&quot;:&quot;boxed&quot;}\" data-core-v316-plus=\"true\">\n\t\t\t\t\t<div class=\"e-con-inner\">\n\t\t\t\t<div class=\"elementor-element elementor-element-22779dd elementor-widget elementor-widget-shortcode\" data-id=\"22779dd\" data-element_type=\"widget\" data-widget_type=\"shortcode.default\">\n\t\t\t\t<div class=\"elementor-widget-container\">\n\t\t\t\t\t<div class=\"elementor-shortcode\">\r\n\t\t<div class=\"bdp-post-grid-main bdp-design-1 bdpgrid-2 bdp-clearfix\">\r\n\t\t\t<div class=\"bdp-post-grid  bdp-medium-6 bdp-columns  bdp-first\">\r\n\t<div class=\"bdp-post-grid-content \">\r\n\t\t\t\t<div class=\"bdp-post-image-bg\">\r\n\t\t\t<a href=\"https:\/\/jomiko.fi\/?p=639\">\r\n\t\t\t\t<img decoding=\"async\" src=\"https:\/\/jomiko.fi\/wp-content\/uploads\/2023\/12\/Jomiko-2-scaled.webp\" alt=\"Lapiohenkil\u00f6\" \/>\r\n\t\t\t<\/a>\r\n\t\t<\/div>\r\n\t\t\r\n\t\t<h2 class=\"bdp-post-title\">\r\n\t\t\t<a href=\"https:\/\/jomiko.fi\/?p=639\">Lapiohenkil\u00f6<\/a>\r\n\t\t<\/h2>\r\n\r\n\t\t\t\t\t<div class=\"bdp-post-content\">\r\n\t\t\t\t<div class=\"bdp-post-short-content\">Etsimme motivoitunutta ja ahkeraa lapiohenkil\u00f6\u00e4 liittym\u00e4\u00e4n tiimiimme kaapelity\u00f6maille. Aikaisempi kokemus maanrakennusalalta on plussaa, mutta ei v\u00e4ltt\u00e4m\u00e4t\u00f6nt\u00e4. T\u00e4rkeint\u00e4 on positiivinen asenne...<\/div>\r\n\t\t\t\t\t\t\t\t\t<a href=\"https:\/\/jomiko.fi\/?p=639\" class=\"bdp-readmorebtn\">Lue lis\u00e4\u00e4<\/a>\r\n\t\t\t\t\t\t\t<\/div>\r\n\t\t\t<\/div>\r\n<\/div><div class=\"bdp-post-grid  bdp-medium-6 bdp-columns \">\r\n\t<div class=\"bdp-post-grid-content \">\r\n\t\t\t\t<div class=\"bdp-post-image-bg\">\r\n\t\t\t<a href=\"https:\/\/jomiko.fi\/?p=636\">\r\n\t\t\t\t<img decoding=\"async\" src=\"https:\/\/jomiko.fi\/wp-content\/uploads\/2023\/12\/Jomiko-12-scaled.webp\" alt=\"Kokenut Konekuski \u2013 Liity Kasvavaan Maanrakennusalan Tiimiimme!\" \/>\r\n\t\t\t<\/a>\r\n\t\t<\/div>\r\n\t\t\r\n\t\t<h2 class=\"bdp-post-title\">\r\n\t\t\t<a href=\"https:\/\/jomiko.fi\/?p=636\">Kokenut Konekuski \u2013 Liity Kasvavaan Maanrakennusalan Tiimiimme!<\/a>\r\n\t\t<\/h2>\r\n\r\n\t\t\t\t\t<div class=\"bdp-post-content\">\r\n\t\t\t\t<div class=\"bdp-post-short-content\">Etsimme kokenutta ja motivoitunutta konekuskia vahvistamaan joukkojamme kasvavassa maanrakennusalan yrityksess\u00e4mme.<\/div>\r\n\t\t\t\t\t\t\t\t\t<a href=\"https:\/\/jomiko.fi\/?p=636\" class=\"bdp-readmorebtn\">Lue lis\u00e4\u00e4<\/a>\r\n\t\t\t\t\t\t\t<\/div>\r\n\t\t\t<\/div>\r\n<\/div>\t\t<\/div>\r\n\r\n\t\t<\/div>\n\t\t\t\t<\/div>\n\t\t\t\t<\/div>\n\t\t\t\t\t<\/div>\n\t\t\t\t<\/div>\n\t\t\t\t<\/div>\n\t\t","protected":false},"excerpt":{"rendered":"<p>Avoimet ty\u00f6paikat<\/p>\n","protected":false},"author":1,"featured_media":0,"parent":0,"menu_order":0,"comment_status":"closed","ping_status":"closed","template":"elementor_header_footer","meta":{"footnotes":""},"_links":{"self":[{"href":"https:\/\/jomiko.fi\/index.php?rest_route=\/wp\/v2\/pages\/571"}],"collection":[{"href":"https:\/\/jomiko.fi\/index.php?rest_route=\/wp\/v2\/pages"}],"about":[{"href":"https:\/\/jomiko.fi\/index.php?rest_route=\/wp\/v2\/types\/page"}],"author":[{"embeddable":true,"href":"https:\/\/jomiko.fi\/index.php?rest_route=\/wp\/v2\/users\/1"}],"replies":[{"embeddable":true,"href":"https:\/\/jomiko.fi\/index.php?rest_route=%2Fwp%2Fv2%2Fcomments&post=571"}],"version-history":[{"count":31,"href":"https:\/\/jomiko.fi\/index.php?rest_route=\/wp\/v2\/pages\/571\/revisions"}],"predecessor-version":[{"id":985,"href":"https:\/\/jomiko.fi\/index.php?rest_route=\/wp\/v2\/pages\/571\/revisions\/985"}],"wp:attachment":[{"href":"https:\/\/jomiko.fi\/index.php?rest_route=%2Fwp%2Fv2%2Fmedia&parent=571"}],"curies":[{"name":"wp","href":"https:\/\/api.w.org\/{rel}","templated":true}]}}